{"id":1568,"date":"2022-10-24T09:36:35","date_gmt":"2022-10-24T12:36:35","guid":{"rendered":"https:\/\/aletatur.com\/?page_id=1568"},"modified":"2022-10-24T09:40:44","modified_gmt":"2022-10-24T12:40:44","slug":"politica-de-privacidade","status":"publish","type":"page","link":"https:\/\/aletatur.com\/index.php\/politica-de-privacidade\/","title":{"rendered":"Pol\u00edtica de Privacidade"},"content":{"rendered":"\t\t<div data-elementor-type=\"wp-page\" data-elementor-id=\"1568\" class=\"elementor elementor-1568\">\n\t\t\t\t\t\t<section class=\"elementor-section elementor-top-section elementor-element elementor-element-094af3c elementor-section-boxed elementor-section-height-default elementor-section-height-default\" data-id=\"094af3c\" data-element_type=\"section\" data-e-type=\"section\" data-settings=\"{&quot;background_background&quot;:&quot;classic&quot;}\">\n\t\t\t\t\t\t\t<div class=\"elementor-background-overlay\"><\/div>\n\t\t\t\t\t\t\t<div class=\"elementor-container elementor-column-gap-default\">\n\t\t\t\t\t<div class=\"elementor-column elementor-col-100 elementor-top-column elementor-element elementor-element-6b046d6\" data-id=\"6b046d6\" data-element_type=\"column\" data-e-type=\"column\">\n\t\t\t<div class=\"elementor-widget-wrap elementor-element-populated\">\n\t\t\t\t\t\t<div class=\"elementor-element elementor-element-8da095d elementor-widget elementor-widget-heading\" data-id=\"8da095d\" data-element_type=\"widget\" data-e-type=\"widget\" data-widget_type=\"heading.default\">\n\t\t\t\t<div class=\"elementor-widget-container\">\n\t\t\t\t\t<h1 class=\"elementor-heading-title elementor-size-default\">Pol\u00edtica de Privacidade <\/h1>\t\t\t\t<\/div>\n\t\t\t\t<\/div>\n\t\t\t\t\t<\/div>\n\t\t<\/div>\n\t\t\t\t\t<\/div>\n\t\t<\/section>\n\t\t\t\t<section class=\"elementor-section elementor-top-section elementor-element elementor-element-3c885c3 elementor-section-boxed elementor-section-height-default elementor-section-height-default\" data-id=\"3c885c3\" data-element_type=\"section\" data-e-type=\"section\">\n\t\t\t\t\t\t<div class=\"elementor-container elementor-column-gap-default\">\n\t\t\t\t\t<div class=\"elementor-column elementor-col-100 elementor-top-column elementor-element elementor-element-4b60609\" data-id=\"4b60609\" data-element_type=\"column\" data-e-type=\"column\">\n\t\t\t<div class=\"elementor-widget-wrap elementor-element-populated\">\n\t\t\t\t\t\t<div class=\"elementor-element elementor-element-83ed6ea elementor-widget elementor-widget-spacer\" data-id=\"83ed6ea\" data-element_type=\"widget\" data-e-type=\"widget\" data-widget_type=\"spacer.default\">\n\t\t\t\t<div class=\"elementor-widget-container\">\n\t\t\t\t\t\t\t<div class=\"elementor-spacer\">\n\t\t\t<div class=\"elementor-spacer-inner\"><\/div>\n\t\t<\/div>\n\t\t\t\t\t\t<\/div>\n\t\t\t\t<\/div>\n\t\t\t\t<div class=\"elementor-element elementor-element-440b474 elementor-widget elementor-widget-heading\" data-id=\"440b474\" data-element_type=\"widget\" data-e-type=\"widget\" data-widget_type=\"heading.default\">\n\t\t\t\t<div class=\"elementor-widget-container\">\n\t\t\t\t\t<h1 class=\"elementor-heading-title elementor-size-default\">Protegendo os seus dados<br><\/h1>\t\t\t\t<\/div>\n\t\t\t\t<\/div>\n\t\t\t\t<div class=\"elementor-element elementor-element-764ddb5 elementor-widget elementor-widget-text-editor\" data-id=\"764ddb5\" data-element_type=\"widget\" data-e-type=\"widget\" data-widget_type=\"text-editor.default\">\n\t\t\t\t<div class=\"elementor-widget-container\">\n\t\t\t\t\t\t\t\t\t<p>A equipe <strong>Aletatur<\/strong> possui plena consci\u00eancia que o fornecimento de informa\u00e7\u00f5es precede muita confian\u00e7a do Cliente. Levamos essa confian\u00e7a muito a s\u00e9rio e temos, como prioridade, garantir a seguran\u00e7a e a prote\u00e7\u00e3o dos dados pessoais fornecidos por nossos <strong>\u201cClientes\u201d<\/strong>.<\/p><p>Este comunicado tem o objetivo de fornecer informa\u00e7\u00f5es claras e precisas aos nossos Clientes sobre a coleta, utiliza\u00e7\u00e3o, armazenamento e outros tipos de tratamento de seus dados pessoais realizados no contexto da presta\u00e7\u00e3o de servi\u00e7os, al\u00e9m de disponibilizar um canal exclusivo para acesso f\u00e1cil e gratuito as suas informa\u00e7\u00f5es que constam em nosso banco de dados.<\/p><ul><li><strong>Informa\u00e7\u00f5es cadastrais.<\/strong>\u00a0Ao se cadastrar, entrar em contato conosco ou demonstrar interesse pelos nossos servi\u00e7os, o Cliente nos fornecer\u00e1 inicialmente alguns dados cadastrais, tais como:\u00a0nome completo, n\u00famero de um documento de identifica\u00e7\u00e3o e\/ou n\u00famero do passaporte em caso de viagem internacional, telefone de contato, endere\u00e7o de e-mail, data de nascimento, sexo, endere\u00e7o, entre outros dados de identifica\u00e7\u00e3o necess\u00e1rios para a presta\u00e7\u00e3o de nossos servi\u00e7os.<\/li><\/ul><ul><li><strong>Informa\u00e7\u00f5es complementares.<\/strong>\u00a0Para dar andamento \u00e0 contrata\u00e7\u00e3o de alguns servi\u00e7os, poderemos solicitar dados complementares para a an\u00e1lise de cr\u00e9dito e posterior formaliza\u00e7\u00e3o do contrato. Tais dados incluem: digitaliza\u00e7\u00e3o de documento de identifica\u00e7\u00e3o com assinatura (por exemplo, RG ou CNH), nacionalidade, profiss\u00e3o, cargo, entre outros dados. Em regra, coletaremos esses dados apenas do Cliente que \u00e9 o titular do cadastro e o respons\u00e1vel pela celebra\u00e7\u00e3o do contrato.<\/li><\/ul><ul><li><strong>Processamento de pagamentos e informa\u00e7\u00f5es\u00a0banc\u00e1rias.<\/strong>\u00a0Poderemos atuar em conjunto com empresas terceirizadas de gerenciamento de pagamentos online, financiamentos, dentre outras, para processar compras e a aquisi\u00e7\u00e3o de produtos e servi\u00e7os realizadas pelo Cliente. Nesses casos, \u00e9 importante saber que tais empresas poder\u00e3o coletar e armazenar suas informa\u00e7\u00f5es e dados, inclusive dados banc\u00e1rios e dados de cart\u00e3o de cr\u00e9dito. <strong>Lembramos que o Cliente poder\u00e1 adicionar, excluir ou modificar essas informa\u00e7\u00f5es, a qualquer momento, atrav\u00e9s do nosso canal exclusivo.<\/strong><\/li><\/ul><ul><li><strong>Informa\u00e7\u00f5es sobre outras pessoas<\/strong>.\u00a0Caso o Cliente contrate um pacote de viagem para si e para acompanhante(s), dever\u00e1 fornecer as informa\u00e7\u00f5es necess\u00e1rias para que n\u00f3s ou nossos fornecedores possam prestar os servi\u00e7os tamb\u00e9m para o acompanhante. Neste caso, o Cliente dever\u00e1 informar a outra pessoa que compartilhar\u00e1 os dados pessoais conosco.<\/li><\/ul><ul><li><strong>Dados de crian\u00e7as e adolescentes:<\/strong>\u00a0N\u00f3s poderemos tratar os dados de crian\u00e7as ou adolescentes para a presta\u00e7\u00e3o dos servi\u00e7os. A <strong>Aletatur<\/strong>\u00a0se compromete a tratar tais dados pessoais no melhor interesse da crian\u00e7a ou adolescente e exclusivamente para a execu\u00e7\u00e3o do contrato.<\/li><li><strong>Informa\u00e7\u00f5es de prefer\u00eancia.<\/strong>\u00a0Tamb\u00e9m gostar\u00edamos de manter informa\u00e7\u00f5es sobre suas prefer\u00eancias e planos de viagem, incluindo pedidos de refei\u00e7\u00f5es, sele\u00e7\u00e3o de assentos, informa\u00e7\u00f5es sobre seu programa de passageiro frequente \/ hotel \/ aluguel de carros e op\u00e7\u00f5es de classe de companhias a\u00e9reas, bagagens e passagens. Tudo previsto neste item ser\u00e1 considerado como &#8220;Informa\u00e7\u00f5es Pessoais&#8221;.<\/li><\/ul><ul><li><strong>Atendimento ao cliente.<\/strong>\u00a0Caso o Cliente precise entrar em contato com o departamento de Atendimento ou com a nossa \u00e1rea de Prote\u00e7\u00e3o de Dados, atrav\u00e9s do nosso e-mail exclusivo, saiba que poderemos coletar as informa\u00e7\u00f5es pessoais necess\u00e1rias para preencher seu pedido e contat\u00e1-lo utilizando as informa\u00e7\u00f5es de contato da sua conta ou aquelas fornecidas durante o atendimento.<\/li><\/ul><p><strong>\u00a0<\/strong><\/p><p><strong>Se desejar saber quais informa\u00e7\u00f5es guardamos a seu respeito, basta escrever para nosso canal exclusivo. <\/strong><\/p><p><strong>\u00a0<\/strong><\/p><p><strong>Desejamos renovar a nossa parceria por mais 24 meses, para isso, pedimos a sua autoriza\u00e7\u00e3o para manter as suas informa\u00e7\u00f5es em nosso banco de dados. Reafirmamos que o seu consentimento \u00e9 cancel\u00e1vel. <\/strong><\/p><p><strong>\u00a0<\/strong><\/p><p><strong>Deseja saber mais, alterar ou cancelar o seu cadastro?<\/strong><\/p><p><strong>\u00a0<\/strong><\/p><p><strong>Contate nosso canal exclusivo: <\/strong><a href=\"mailto:meusdados@aletatur.com\"><strong>meusdados@aletatur.com<\/strong><\/a><\/p><p><strong>\u00a0<\/strong><\/p><p><strong>Agradecemos a parceria e confian\u00e7a.<\/strong><\/p><p><strong>\u00a0<\/strong><\/p><p><strong>Equipe Aletatur<\/strong><\/p>\t\t\t\t\t\t\t\t<\/div>\n\t\t\t\t<\/div>\n\t\t\t\t\t<\/div>\n\t\t<\/div>\n\t\t\t\t\t<\/div>\n\t\t<\/section>\n\t\t\t\t<section class=\"elementor-section elementor-top-section elementor-element elementor-element-2d3e5d9 elementor-section-full_width elementor-section-height-default elementor-section-height-default\" data-id=\"2d3e5d9\" data-element_type=\"section\" data-e-type=\"section\">\n\t\t\t\t\t\t<div class=\"elementor-container elementor-column-gap-no\">\n\t\t\t\t\t<div class=\"elementor-column elementor-col-100 elementor-top-column elementor-element elementor-element-b678ad3\" data-id=\"b678ad3\" data-element_type=\"column\" data-e-type=\"column\">\n\t\t\t<div class=\"elementor-widget-wrap elementor-element-populated\">\n\t\t\t\t\t\t<div class=\"elementor-element elementor-element-62fd3d9 elementor-widget elementor-widget-spacer\" data-id=\"62fd3d9\" data-element_type=\"widget\" data-e-type=\"widget\" data-widget_type=\"spacer.default\">\n\t\t\t\t<div class=\"elementor-widget-container\">\n\t\t\t\t\t\t\t<div class=\"elementor-spacer\">\n\t\t\t<div class=\"elementor-spacer-inner\"><\/div>\n\t\t<\/div>\n\t\t\t\t\t\t<\/div>\n\t\t\t\t<\/div>\n\t\t\t\t<div class=\"elementor-element elementor-element-f86bccc elementor-widget elementor-widget-google_maps\" data-id=\"f86bccc\" data-element_type=\"widget\" data-e-type=\"widget\" data-widget_type=\"google_maps.default\">\n\t\t\t\t<div class=\"elementor-widget-container\">\n\t\t\t\t\t\t\t<div class=\"elementor-custom-embed\">\n\t\t\t<iframe loading=\"lazy\"\n\t\t\t\t\tsrc=\"https:\/\/maps.google.com\/maps?q=Avenida%20mariland%20907%20&#038;t=m&#038;z=10&#038;output=embed&#038;iwloc=near\"\n\t\t\t\t\ttitle=\"Avenida mariland 907 \"\n\t\t\t\t\taria-label=\"Avenida mariland 907 \"\n\t\t\t><\/iframe>\n\t\t<\/div>\n\t\t\t\t\t\t<\/div>\n\t\t\t\t<\/div>\n\t\t\t\t\t<\/div>\n\t\t<\/div>\n\t\t\t\t\t<\/div>\n\t\t<\/section>\n\t\t\t\t<\/div>\n\t\t","protected":false},"excerpt":{"rendered":"<p>Pol\u00edtica de Privacidade Protegendo os seus dados A equipe Aletatur possui plena consci\u00eancia que o fornecimento de informa\u00e7\u00f5es precede muita confian\u00e7a do Cliente. Levamos essa confian\u00e7a muito a s\u00e9rio e temos, como prioridade, garantir a seguran\u00e7a e a prote\u00e7\u00e3o dos dados pessoais fornecidos por nossos \u201cClientes\u201d. Este comunicado tem o objetivo de fornecer informa\u00e7\u00f5es claras [&hellip;]<\/p>\n","protected":false},"author":1,"featured_media":0,"parent":0,"menu_order":0,"comment_status":"closed","ping_status":"closed","template":"","meta":{"site-sidebar-layout":"no-sidebar","site-content-layout":"page-builder","ast-site-content-layout":"default","site-content-style":"default","site-sidebar-style":"default","ast-global-header-display":"","ast-banner-title-visibility":"","ast-main-header-display":"","ast-hfb-above-header-display":"","ast-hfb-below-header-display":"","ast-hfb-mobile-header-display":"","site-post-title":"disabled","ast-breadcrumbs-content":"","ast-featured-img":"disabled","footer-sml-layout":"","ast-disable-related-posts":"","theme-transparent-header-meta":"enabled","adv-header-id-meta":"","stick-header-meta":"","header-above-stick-meta":"","header-main-stick-meta":"","header-below-stick-meta":"","astra-migrate-meta-layouts":"default","ast-page-background-enabled":"default","ast-page-background-meta":{"desktop":{"background-color":"","background-image":"","background-repeat":"repeat","background-position":"center center","background-size":"auto","background-attachment":"scroll","background-type":"","background-media":"","overlay-type":"","overlay-color":"","overlay-opacity":"","overlay-gradient":""},"tablet":{"background-color":"","background-image":"","background-repeat":"repeat","background-position":"center center","background-size":"auto","background-attachment":"scroll","background-type":"","background-media":"","overlay-type":"","overlay-color":"","overlay-opacity":"","overlay-gradient":""},"mobile":{"background-color":"","background-image":"","background-repeat":"repeat","background-position":"center center","background-size":"auto","background-attachment":"scroll","background-type":"","background-media":"","overlay-type":"","overlay-color":"","overlay-opacity":"","overlay-gradient":""}},"ast-content-background-meta":{"desktop":{"background-color":"var(--ast-global-color-5)","background-image":"","background-repeat":"repeat","background-position":"center center","background-size":"auto","background-attachment":"scroll","background-type":"","background-media":"","overlay-type":"","overlay-color":"","overlay-opacity":"","overlay-gradient":""},"tablet":{"background-color":"var(--ast-global-color-5)","background-image":"","background-repeat":"repeat","background-position":"center center","background-size":"auto","background-attachment":"scroll","background-type":"","background-media":"","overlay-type":"","overlay-color":"","overlay-opacity":"","overlay-gradient":""},"mobile":{"background-color":"var(--ast-global-color-5)","background-image":"","background-repeat":"repeat","background-position":"center center","background-size":"auto","background-attachment":"scroll","background-type":"","background-media":"","overlay-type":"","overlay-color":"","overlay-opacity":"","overlay-gradient":""}},"footnotes":""},"class_list":["post-1568","page","type-page","status-publish","hentry"],"aioseo_notices":[],"_links":{"self":[{"href":"https:\/\/aletatur.com\/index.php\/wp-json\/wp\/v2\/pages\/1568","targetHints":{"allow":["GET"]}}],"collection":[{"href":"https:\/\/aletatur.com\/index.php\/wp-json\/wp\/v2\/pages"}],"about":[{"href":"https:\/\/aletatur.com\/index.php\/wp-json\/wp\/v2\/types\/page"}],"author":[{"embeddable":true,"href":"https:\/\/aletatur.com\/index.php\/wp-json\/wp\/v2\/users\/1"}],"replies":[{"embeddable":true,"href":"https:\/\/aletatur.com\/index.php\/wp-json\/wp\/v2\/comments?post=1568"}],"version-history":[{"count":11,"href":"https:\/\/aletatur.com\/index.php\/wp-json\/wp\/v2\/pages\/1568\/revisions"}],"predecessor-version":[{"id":1579,"href":"https:\/\/aletatur.com\/index.php\/wp-json\/wp\/v2\/pages\/1568\/revisions\/1579"}],"wp:attachment":[{"href":"https:\/\/aletatur.com\/index.php\/wp-json\/wp\/v2\/media?parent=1568"}],"curies":[{"name":"wp","href":"https:\/\/api.w.org\/{rel}","templated":true}]}}